{"id":1360,"date":"2025-04-09T20:16:43","date_gmt":"2025-04-09T13:16:43","guid":{"rendered":"https:\/\/aiia.ntt.edu.vn\/?page_id=1360"},"modified":"2025-10-24T09:15:35","modified_gmt":"2025-10-24T02:15:35","slug":"tin-tuc","status":"publish","type":"page","link":"https:\/\/aihe.ntt.edu.vn\/vi\/tin-tuc\/","title":{"rendered":"Tin T\u1ee9c"},"content":{"rendered":"<div class=\"row align-center\"  id=\"row-1650645659\">\n\n\t<div id=\"col-1474462489\" class=\"col small-12 large-12\"  >\n\t\t\t\t<div class=\"col-inner\"  >\n\t\t\t\n\t\t\t\n\n  \n    <div class=\"row large-columns-2 medium-columns-1 small-columns-1 has-shadow row-box-shadow-2 slider row-slider slider-nav-reveal slider-nav-push\"  data-flickity-options='{\"imagesLoaded\": true, \"groupCells\": \"100%\", \"dragThreshold\" : 5, \"cellAlign\": \"left\",\"wrapAround\": true,\"prevNextButtons\": true,\"percentPosition\": true,\"pageDots\": false, \"rightToLeft\": false, \"autoPlay\" : false}'>\n\n  <div class=\"col post-item\" >\n\t\t\t<div class=\"col-inner\">\n\t\t\t<a href=\"https:\/\/aihe.ntt.edu.vn\/vi\/2025\/10\/02\/global-academic-connection-nttu-hosts-aihe-2025-international-workshop-on-the-impact-of-ai-in-higher-education\/\" class=\"plain\">\n\t\t\t\t<div class=\"box box-normal box-text-bottom box-blog-post has-hover\">\n            \t\t\t\t\t<div class=\"box-image\" >\n  \t\t\t\t\t\t<div class=\"image-cover\" style=\"padding-top:56.25%;\">\n  \t\t\t\t\t\t\t<img loading=\"lazy\" decoding=\"async\" width=\"711\" height=\"400\" src=\"https:\/\/aihe.ntt.edu.vn\/wp-content\/uploads\/2025\/09\/1-1-711x400.png\" class=\"attachment-medium size-medium wp-post-image\" alt=\"\" srcset=\"https:\/\/aihe.ntt.edu.vn\/wp-content\/uploads\/2025\/09\/1-1-711x400.png 711w, https:\/\/aihe.ntt.edu.vn\/wp-content\/uploads\/2025\/09\/1-1-1400x788.png 1400w, https:\/\/aihe.ntt.edu.vn\/wp-content\/uploads\/2025\/09\/1-1-768x432.png 768w, https:\/\/aihe.ntt.edu.vn\/wp-content\/uploads\/2025\/09\/1-1-1536x864.png 1536w, https:\/\/aihe.ntt.edu.vn\/wp-content\/uploads\/2025\/09\/1-1-2048x1152.png 2048w, https:\/\/aihe.ntt.edu.vn\/wp-content\/uploads\/2025\/09\/1-1-18x10.png 18w\" sizes=\"auto, (max-width: 711px) 100vw, 711px\" \/>  \t\t\t\t\t\t\t  \t\t\t\t\t\t\t  \t\t\t\t\t\t<\/div>\n  \t\t\t\t\t\t  \t\t\t\t\t<\/div>\n          \t\t\t\t\t<div class=\"box-text text-center\" >\n\t\t\t\t\t<div class=\"box-text-inner blog-post-inner\">\n\n\t\t\t\t\t\n\t\t\t\t\t\t\t\t\t\t<h5 class=\"post-title is-large\">Global Academic Connection: NTTU Hosts AIHE 2025 International Workshop on the Impact of AI in Higher Education<\/h5>\n\t\t\t\t\t\t\t\t\t\t<div class=\"is-divider\"><\/div>\n\t\t\t\t\t\t\t\t\t\t<p class=\"from_the_blog_excerpt\"> [...]\t\t\t\t\t<\/p>\n\t\t\t\t\t                    \n\t\t\t\t\t\n\t\t\t\t\t\n\t\t\t\t\t<\/div>\n\t\t\t\t\t<\/div>\n\t\t\t\t\t\t\t\t\t\t\t\t\t\t\t\t<div class=\"badge absolute top post-date badge-outline\">\n\t\t\t\t\t\t\t<div class=\"badge-inner\">\n\t\t\t\t\t\t\t\t<span class=\"post-date-day\">02<\/span><br>\n\t\t\t\t\t\t\t\t<span class=\"post-date-month is-xsmall\">Th10<\/span>\n\t\t\t\t\t\t\t<\/div>\n\t\t\t\t\t\t<\/div>\n\t\t\t\t\t\t\t\t\t<\/div>\n\t\t\t\t<\/a>\n\t\t\t<\/div>\n\t\t<\/div><div class=\"col post-item\" >\n\t\t\t<div class=\"col-inner\">\n\t\t\t<a href=\"https:\/\/aihe.ntt.edu.vn\/vi\/2025\/07\/21\/hoi-thao-khoa-hoc-quoc-gia-2025-cau-noi-ai-tu-kham-pha-ly-thuyet-den-ung-dung-lien-nganh\/\" class=\"plain\">\n\t\t\t\t<div class=\"box box-normal box-text-bottom box-blog-post has-hover\">\n            \t\t\t\t\t<div class=\"box-image\" >\n  \t\t\t\t\t\t<div class=\"image-cover\" style=\"padding-top:56.25%;\">\n  \t\t\t\t\t\t\t<img loading=\"lazy\" decoding=\"async\" width=\"600\" height=\"400\" src=\"https:\/\/aihe.ntt.edu.vn\/wp-content\/uploads\/2025\/07\/NTTU-41-13-2048x1365-1-600x400.webp\" class=\"attachment-medium size-medium wp-post-image\" alt=\"\" srcset=\"https:\/\/aihe.ntt.edu.vn\/wp-content\/uploads\/2025\/07\/NTTU-41-13-2048x1365-1-600x400.webp 600w, https:\/\/aihe.ntt.edu.vn\/wp-content\/uploads\/2025\/07\/NTTU-41-13-2048x1365-1-1200x800.webp 1200w, https:\/\/aihe.ntt.edu.vn\/wp-content\/uploads\/2025\/07\/NTTU-41-13-2048x1365-1-768x512.webp 768w, https:\/\/aihe.ntt.edu.vn\/wp-content\/uploads\/2025\/07\/NTTU-41-13-2048x1365-1-1536x1024.webp 1536w, https:\/\/aihe.ntt.edu.vn\/wp-content\/uploads\/2025\/07\/NTTU-41-13-2048x1365-1-18x12.webp 18w, https:\/\/aihe.ntt.edu.vn\/wp-content\/uploads\/2025\/07\/NTTU-41-13-2048x1365-1.webp 2048w\" sizes=\"auto, (max-width: 600px) 100vw, 600px\" \/>  \t\t\t\t\t\t\t  \t\t\t\t\t\t\t  \t\t\t\t\t\t<\/div>\n  \t\t\t\t\t\t  \t\t\t\t\t<\/div>\n          \t\t\t\t\t<div class=\"box-text text-center\" >\n\t\t\t\t\t<div class=\"box-text-inner blog-post-inner\">\n\n\t\t\t\t\t\n\t\t\t\t\t\t\t\t\t\t<h5 class=\"post-title is-large\">H\u1ed9i th\u1ea3o Khoa h\u1ecdc Qu\u1ed1c gia 2025 &#8220;C\u1ea7u n\u1ed1i AI: T\u1eeb kh\u00e1m ph\u00e1 l\u00fd thuy\u1ebft \u0111\u1ebfn \u1ee9ng d\u1ee5ng li\u00ean ng\u00e0nh&#8221;<\/h5>\n\t\t\t\t\t\t\t\t\t\t<div class=\"is-divider\"><\/div>\n\t\t\t\t\t\t\t\t\t\t<p class=\"from_the_blog_excerpt\">NTTU \u2013 Nh\u1eb1m ki\u1ebfn t\u1ea1o m\u1ed9t di\u1ec5n \u0111\u00e0n h\u1ecdc thu\u1eadt k\u1ebft n\u1ed1i c\u00e1c nh\u00e0 khoa [...]\t\t\t\t\t<\/p>\n\t\t\t\t\t                    \n\t\t\t\t\t\n\t\t\t\t\t\n\t\t\t\t\t<\/div>\n\t\t\t\t\t<\/div>\n\t\t\t\t\t\t\t\t\t\t\t\t\t\t\t\t<div class=\"badge absolute top post-date badge-outline\">\n\t\t\t\t\t\t\t<div class=\"badge-inner\">\n\t\t\t\t\t\t\t\t<span class=\"post-date-day\">21<\/span><br>\n\t\t\t\t\t\t\t\t<span class=\"post-date-month is-xsmall\">Th7<\/span>\n\t\t\t\t\t\t\t<\/div>\n\t\t\t\t\t\t<\/div>\n\t\t\t\t\t\t\t\t\t<\/div>\n\t\t\t\t<\/a>\n\t\t\t<\/div>\n\t\t<\/div><\/div>\n\t\t<\/div>\n\t\t\t\t\t<\/div>\n\n\t\n<\/div>\n<div class=\"accordion\" rel=\"\">\n<div class=\"accordion-item\"><a href=\"#\" class=\"accordion-title plain\"><button class=\"toggle\"><i class=\"icon-angle-down\"><\/i><\/button><span>Notification<\/span><\/a><div class=\"accordion-inner\">\n<div class=\"slider-wrapper relative\" id=\"slider-2095739570\" >\n    <div class=\"slider slider-nav-circle slider-nav-large slider-nav-light slider-style-normal\"\n        data-flickity-options='{            \"cellAlign\": \"center\",            \"imagesLoaded\": true,            \"lazyLoad\": 1,            \"freeScroll\": false,            \"wrapAround\": true,            \"autoPlay\": 6000,            \"pauseAutoPlayOnHover\" : true,            \"prevNextButtons\": true,            \"contain\" : true,            \"adaptiveHeight\" : true,            \"dragThreshold\" : 10,            \"percentPosition\": true,            \"pageDots\": true,            \"rightToLeft\": false,            \"draggable\": true,            \"selectedAttraction\": 0.1,            \"parallax\" : 0,            \"friction\": 0.6        }'\n        >\n        \n<div class=\"row\"  id=\"row-723078196\">\n\n\t<div id=\"col-583597156\" class=\"col medium-6 small-12 large-6\"  >\n\t\t\t\t<div class=\"col-inner\"  >\n\t\t\t\n\t\t\t\n\t<div class=\"img has-hover x md-x lg-x y md-y lg-y\" id=\"image_581890691\">\n\t\t\t\t\t\t\t\t<div class=\"img-inner dark\" >\n\t\t\t<img loading=\"lazy\" decoding=\"async\" width=\"566\" height=\"800\" src=\"https:\/\/aihe.ntt.edu.vn\/wp-content\/uploads\/2025\/10\/1-566x800.png\" class=\"attachment-large size-large\" alt=\"\" srcset=\"https:\/\/aihe.ntt.edu.vn\/wp-content\/uploads\/2025\/10\/1-566x800.png 566w, https:\/\/aihe.ntt.edu.vn\/wp-content\/uploads\/2025\/10\/1-283x400.png 283w, https:\/\/aihe.ntt.edu.vn\/wp-content\/uploads\/2025\/10\/1-768x1086.png 768w, https:\/\/aihe.ntt.edu.vn\/wp-content\/uploads\/2025\/10\/1-1086x1536.png 1086w, https:\/\/aihe.ntt.edu.vn\/wp-content\/uploads\/2025\/10\/1-1448x2048.png 1448w, https:\/\/aihe.ntt.edu.vn\/wp-content\/uploads\/2025\/10\/1-8x12.png 8w, https:\/\/aihe.ntt.edu.vn\/wp-content\/uploads\/2025\/10\/1-scaled.png 1810w\" sizes=\"auto, (max-width: 566px) 100vw, 566px\" \/>\t\t\t\t\t\t\n\t\t\t\t\t<\/div>\n\t\t\t\t\t\t\t\t\n<style>\n#image_581890691 {\n  width: 100%;\n}\n<\/style>\n\t<\/div>\n\t\n\t\t<\/div>\n\t\t\t\t\t<\/div>\n\n\t\n\n\t<div id=\"col-307407505\" class=\"col medium-6 small-12 large-6\"  >\n\t\t\t\t<div class=\"col-inner\"  >\n\t\t\t\n\t\t\t\n\t<div class=\"img has-hover x md-x lg-x y md-y lg-y\" id=\"image_1217385925\">\n\t\t\t\t\t\t\t\t<div class=\"img-inner dark\" >\n\t\t\t<img loading=\"lazy\" decoding=\"async\" width=\"566\" height=\"800\" src=\"https:\/\/aihe.ntt.edu.vn\/wp-content\/uploads\/2025\/10\/2-566x800.png\" class=\"attachment-large size-large\" alt=\"\" srcset=\"https:\/\/aihe.ntt.edu.vn\/wp-content\/uploads\/2025\/10\/2-566x800.png 566w, https:\/\/aihe.ntt.edu.vn\/wp-content\/uploads\/2025\/10\/2-283x400.png 283w, https:\/\/aihe.ntt.edu.vn\/wp-content\/uploads\/2025\/10\/2-768x1086.png 768w, https:\/\/aihe.ntt.edu.vn\/wp-content\/uploads\/2025\/10\/2-1086x1536.png 1086w, https:\/\/aihe.ntt.edu.vn\/wp-content\/uploads\/2025\/10\/2-1448x2048.png 1448w, https:\/\/aihe.ntt.edu.vn\/wp-content\/uploads\/2025\/10\/2-8x12.png 8w, https:\/\/aihe.ntt.edu.vn\/wp-content\/uploads\/2025\/10\/2-scaled.png 1810w\" sizes=\"auto, (max-width: 566px) 100vw, 566px\" \/>\t\t\t\t\t\t\n\t\t\t\t\t<\/div>\n\t\t\t\t\t\t\t\t\n<style>\n#image_1217385925 {\n  width: 100%;\n}\n<\/style>\n\t<\/div>\n\t\n\t\t<\/div>\n\t\t\t\t\t<\/div>\n\n\t\n<\/div>\n     <\/div>\n\n     <div class=\"loading-spin dark large centered\"><\/div>\n\n     \t<\/div>\n\n\n<div class=\"row\"  id=\"row-1817859062\">\n\n\t<div id=\"col-236823760\" class=\"col medium-6 small-12 large-6\"  >\n\t\t\t\t<div class=\"col-inner\"  >\n\t\t\t\n\t\t\t\n\t<div class=\"img has-hover x md-x lg-x y md-y lg-y\" id=\"image_1090676753\">\n\t\t\t\t\t\t\t\t<div class=\"img-inner dark\" >\n\t\t\t<img loading=\"lazy\" decoding=\"async\" width=\"566\" height=\"800\" src=\"https:\/\/aihe.ntt.edu.vn\/wp-content\/uploads\/2025\/10\/3-566x800.png\" class=\"attachment-large size-large\" alt=\"\" srcset=\"https:\/\/aihe.ntt.edu.vn\/wp-content\/uploads\/2025\/10\/3-566x800.png 566w, https:\/\/aihe.ntt.edu.vn\/wp-content\/uploads\/2025\/10\/3-283x400.png 283w, https:\/\/aihe.ntt.edu.vn\/wp-content\/uploads\/2025\/10\/3-768x1086.png 768w, https:\/\/aihe.ntt.edu.vn\/wp-content\/uploads\/2025\/10\/3-1086x1536.png 1086w, https:\/\/aihe.ntt.edu.vn\/wp-content\/uploads\/2025\/10\/3-1448x2048.png 1448w, https:\/\/aihe.ntt.edu.vn\/wp-content\/uploads\/2025\/10\/3-8x12.png 8w, https:\/\/aihe.ntt.edu.vn\/wp-content\/uploads\/2025\/10\/3-scaled.png 1810w\" sizes=\"auto, (max-width: 566px) 100vw, 566px\" \/>\t\t\t\t\t\t\n\t\t\t\t\t<\/div>\n\t\t\t\t\t\t\t\t\n<style>\n#image_1090676753 {\n  width: 100%;\n}\n<\/style>\n\t<\/div>\n\t\n\t\t<\/div>\n\t\t\t\t\t<\/div>\n\n\t\n\n\t<div id=\"col-1803744207\" class=\"col medium-6 small-12 large-6\"  >\n\t\t\t\t<div class=\"col-inner\"  >\n\t\t\t\n\t\t\t\n\t<div class=\"img has-hover x md-x lg-x y md-y lg-y\" id=\"image_59549187\">\n\t\t\t\t\t\t\t\t<div class=\"img-inner dark\" >\n\t\t\t<img loading=\"lazy\" decoding=\"async\" width=\"566\" height=\"800\" src=\"https:\/\/aihe.ntt.edu.vn\/wp-content\/uploads\/2025\/10\/4-566x800.png\" class=\"attachment-large size-large\" alt=\"\" srcset=\"https:\/\/aihe.ntt.edu.vn\/wp-content\/uploads\/2025\/10\/4-566x800.png 566w, https:\/\/aihe.ntt.edu.vn\/wp-content\/uploads\/2025\/10\/4-283x400.png 283w, https:\/\/aihe.ntt.edu.vn\/wp-content\/uploads\/2025\/10\/4-768x1086.png 768w, https:\/\/aihe.ntt.edu.vn\/wp-content\/uploads\/2025\/10\/4-1086x1536.png 1086w, https:\/\/aihe.ntt.edu.vn\/wp-content\/uploads\/2025\/10\/4-1448x2048.png 1448w, https:\/\/aihe.ntt.edu.vn\/wp-content\/uploads\/2025\/10\/4-8x12.png 8w, https:\/\/aihe.ntt.edu.vn\/wp-content\/uploads\/2025\/10\/4-scaled.png 1810w\" sizes=\"auto, (max-width: 566px) 100vw, 566px\" \/>\t\t\t\t\t\t\n\t\t\t\t\t<\/div>\n\t\t\t\t\t\t\t\t\n<style>\n#image_59549187 {\n  width: 100%;\n}\n<\/style>\n\t<\/div>\n\t\n\t\t<\/div>\n\t\t\t\t\t<\/div>\n\n\t\n<\/div>\n<\/div><\/div>\n<\/div>","protected":false},"excerpt":{"rendered":"","protected":false},"author":10,"featured_media":0,"parent":0,"menu_order":0,"comment_status":"closed","ping_status":"closed","template":"","meta":{"footnotes":""},"class_list":["post-1360","page","type-page","status-publish","hentry"],"_links":{"self":[{"href":"https:\/\/aihe.ntt.edu.vn\/vi\/wp-json\/wp\/v2\/pages\/1360","targetHints":{"allow":["GET"]}}],"collection":[{"href":"https:\/\/aihe.ntt.edu.vn\/vi\/wp-json\/wp\/v2\/pages"}],"about":[{"href":"https:\/\/aihe.ntt.edu.vn\/vi\/wp-json\/wp\/v2\/types\/page"}],"author":[{"embeddable":true,"href":"https:\/\/aihe.ntt.edu.vn\/vi\/wp-json\/wp\/v2\/users\/10"}],"replies":[{"embeddable":true,"href":"https:\/\/aihe.ntt.edu.vn\/vi\/wp-json\/wp\/v2\/comments?post=1360"}],"version-history":[{"count":24,"href":"https:\/\/aihe.ntt.edu.vn\/vi\/wp-json\/wp\/v2\/pages\/1360\/revisions"}],"predecessor-version":[{"id":2417,"href":"https:\/\/aihe.ntt.edu.vn\/vi\/wp-json\/wp\/v2\/pages\/1360\/revisions\/2417"}],"wp:attachment":[{"href":"https:\/\/aihe.ntt.edu.vn\/vi\/wp-json\/wp\/v2\/media?parent=1360"}],"curies":[{"name":"wp","href":"https:\/\/api.w.org\/{rel}","templated":true}]}}